{"id":1039,"date":"2024-03-18T16:45:44","date_gmt":"2024-03-18T15:45:44","guid":{"rendered":"https:\/\/www.thomasquince.com\/?page_id=1039"},"modified":"2024-03-20T09:43:32","modified_gmt":"2024-03-20T08:43:32","slug":"mentions-legales","status":"publish","type":"page","link":"https:\/\/www.thomasquince.com\/mentions-legales\/","title":{"rendered":"Mentions L\u00e9gales"},"content":{"rendered":"\t\t<div data-elementor-type=\"wp-page\" data-elementor-id=\"1039\" class=\"elementor elementor-1039\" data-elementor-post-type=\"page\">\n\t\t\t\t\t\t<section class=\"has_eae_slider elementor-section elementor-top-section elementor-element elementor-element-e3fa9bf elementor-section-boxed elementor-section-height-default elementor-section-height-default\" data-id=\"e3fa9bf\" data-element_type=\"section\" data-settings=\"{&quot;background_background&quot;:&quot;classic&quot;}\">\n\t\t\t\t\t\t<div class=\"elementor-container elementor-column-gap-default\">\n\t\t\t\t\t<div class=\"has_eae_slider elementor-column elementor-col-100 elementor-top-column elementor-element elementor-element-a97cc9a\" data-id=\"a97cc9a\" data-element_type=\"column\">\n\t\t\t<div class=\"elementor-widget-wrap elementor-element-populated\">\n\t\t\t\t\t\t<div class=\"elementor-element elementor-element-8b81df8 elementor-widget elementor-widget-heading\" data-id=\"8b81df8\" data-element_type=\"widget\" data-widget_type=\"heading.default\">\n\t\t\t\t<div class=\"elementor-widget-container\">\n\t\t\t\t\t<h2 class=\"elementor-heading-title elementor-size-default\">Mentions L\u00e9gales<\/h2>\t\t\t\t<\/div>\n\t\t\t\t<\/div>\n\t\t\t\t\t<\/div>\n\t\t<\/div>\n\t\t\t\t\t<\/div>\n\t\t<\/section>\n\t\t\t\t<section class=\"has_eae_slider elementor-section elementor-top-section elementor-element elementor-element-52d492f elementor-section-content-middle elementor-section-boxed elementor-section-height-default elementor-section-height-default\" data-id=\"52d492f\" data-element_type=\"section\" data-settings=\"{&quot;background_background&quot;:&quot;slideshow&quot;,&quot;background_slideshow_gallery&quot;:[],&quot;background_slideshow_loop&quot;:&quot;yes&quot;,&quot;background_slideshow_slide_duration&quot;:5000,&quot;background_slideshow_slide_transition&quot;:&quot;fade&quot;,&quot;background_slideshow_transition_duration&quot;:500}\">\n\t\t\t\t\t\t<div class=\"elementor-container elementor-column-gap-default\">\n\t\t\t\t\t<div class=\"has_eae_slider elementor-column elementor-col-100 elementor-top-column elementor-element elementor-element-d5dafed\" data-id=\"d5dafed\" data-element_type=\"column\" data-settings=\"{&quot;background_background&quot;:&quot;classic&quot;}\">\n\t\t\t<div class=\"elementor-widget-wrap elementor-element-populated\">\n\t\t\t\t\t\t<div class=\"elementor-element elementor-element-b86c49f elementor-widget__width-initial elementor-widget elementor-widget-text-editor\" data-id=\"b86c49f\" data-element_type=\"widget\" data-widget_type=\"text-editor.default\">\n\t\t\t\t<div class=\"elementor-widget-container\">\n\t\t\t\t\t\t\t\t\t<h3>Informations \u00e9diteur<\/h3>\n<p class=\"p1\">Responsable de la publication : Nazaire Quinc\u00e9<\/p>\n<h3>Informations h\u00e9bergeur<\/h3>\n<p>SAS OVH \u2013 2 rue Kellermann<br>BP 80157 \u2013 59100 Roubaix<\/p>\n<h3>Droits d\u2019auteur<\/h3>\n<p>La pr\u00e9sentation et le contenu de ce site constituent ensemble une \u0153uvre prot\u00e9g\u00e9e par les conventions internationales et les lois en vigueur sur la propri\u00e9t\u00e9 intellectuelle et notamment le droit d\u2019auteur, la concurrence d\u00e9loyale et les marques d\u00e9pos\u00e9es. Aucune reproduction ou repr\u00e9sentation ne peut avoir lieu sans le consentement \u00e9crit et pr\u00e9alable au responsable de la publication, Nazaire Quinc\u00e9. Malgr\u00e9 tous les soins apport\u00e9s \u00e0 la r\u00e9alisation de ce site et \u00e0 son actualisation r\u00e9guli\u00e8re, des erreurs peuvent s\u2019\u00eatre gliss\u00e9es dans les informations et\/ou documents pr\u00e9sent\u00e9s. Les utilisateurs du site proc\u00e9deront donc \u00e0 toutes v\u00e9rifications utiles, la responsabilit\u00e9 de l\u2019\u00e9diteur ne pouvant \u00eatre engag\u00e9e \u00e0 raison d\u2019\u00e9ventuelles erreurs.<\/p>\n<h3>Conception et r\u00e9alisation du site internet<\/h3>\n<p>Ce site a \u00e9t\u00e9 r\u00e9alis\u00e9 par la soci\u00e9t\u00e9 KSP Reportages \u2013 Agence de communication.<br>KSP Reportages \u2013 79 avenue Victor Hugo \u2013 94400 Villeneuve-le-Roi \u2013 France<br>+33 146 826 012<\/p>\t\t\t\t\t\t\t\t<\/div>\n\t\t\t\t<\/div>\n\t\t\t\t\t<\/div>\n\t\t<\/div>\n\t\t\t\t\t<\/div>\n\t\t<\/section>\n\t\t\t\t<\/div>\n\t\t","protected":false},"excerpt":{"rendered":"<p>Mentions L\u00e9gales Informations \u00e9diteur Responsable de la publication : Nazaire Quinc\u00e9 Informations h\u00e9bergeur SAS OVH \u2013 2 rue KellermannBP 80157 \u2013 59100 Roubaix Droits d\u2019auteur La<span class=\"excerpt-hellip\"> [\u2026]<\/span><\/p>\n","protected":false},"author":6,"featured_media":0,"parent":0,"menu_order":0,"comment_status":"closed","ping_status":"closed","template":"elementor_header_footer","meta":{"footnotes":""},"class_list":["post-1039","page","type-page","status-publish","hentry"],"yoast_head":"<!-- This site is optimized with the Yoast SEO plugin v26.5 - https:\/\/yoast.com\/wordpress\/plugins\/seo\/ -->\n<title>Mentions L\u00e9gales - Thomas Quinc\u00e9<\/title>\n<meta name=\"robots\" content=\"index, follow, max-snippet:-1, max-image-preview:large, max-video-preview:-1\" \/>\n<link rel=\"canonical\" href=\"https:\/\/www.thomasquince.com\/mentions-legales\/\" \/>\n<meta property=\"og:locale\" content=\"fr_FR\" \/>\n<meta property=\"og:type\" content=\"article\" \/>\n<meta property=\"og:title\" content=\"Mentions L\u00e9gales - Thomas Quinc\u00e9\" \/>\n<meta property=\"og:description\" content=\"Mentions L\u00e9gales Informations \u00e9diteur Responsable de la publication : Nazaire Quinc\u00e9 Informations h\u00e9bergeur SAS OVH \u2013 2 rue KellermannBP 80157 \u2013 59100 Roubaix Droits d\u2019auteur La [\u2026]\" \/>\n<meta property=\"og:url\" content=\"https:\/\/www.thomasquince.com\/mentions-legales\/\" \/>\n<meta property=\"og:site_name\" content=\"Thomas Quinc\u00e9\" \/>\n<meta property=\"article:modified_time\" content=\"2024-03-20T08:43:32+00:00\" \/>\n<meta name=\"twitter:card\" content=\"summary_large_image\" \/>\n<meta name=\"twitter:label1\" content=\"Dur\u00e9e de lecture estim\u00e9e\" \/>\n\t<meta name=\"twitter:data1\" content=\"1 minute\" \/>\n<script type=\"application\/ld+json\" class=\"yoast-schema-graph\">{\"@context\":\"https:\/\/schema.org\",\"@graph\":[{\"@type\":\"WebPage\",\"@id\":\"https:\/\/www.thomasquince.com\/mentions-legales\/\",\"url\":\"https:\/\/www.thomasquince.com\/mentions-legales\/\",\"name\":\"Mentions L\u00e9gales - Thomas Quinc\u00e9\",\"isPartOf\":{\"@id\":\"https:\/\/www.thomasquince.com\/fr\/#website\"},\"datePublished\":\"2024-03-18T15:45:44+00:00\",\"dateModified\":\"2024-03-20T08:43:32+00:00\",\"breadcrumb\":{\"@id\":\"https:\/\/www.thomasquince.com\/mentions-legales\/#breadcrumb\"},\"inLanguage\":\"fr-FR\",\"potentialAction\":[{\"@type\":\"ReadAction\",\"target\":[\"https:\/\/www.thomasquince.com\/mentions-legales\/\"]}]},{\"@type\":\"BreadcrumbList\",\"@id\":\"https:\/\/www.thomasquince.com\/mentions-legales\/#breadcrumb\",\"itemListElement\":[{\"@type\":\"ListItem\",\"position\":1,\"name\":\"Accueil\",\"item\":\"https:\/\/www.thomasquince.com\/\"},{\"@type\":\"ListItem\",\"position\":2,\"name\":\"Mentions L\u00e9gales\"}]},{\"@type\":\"WebSite\",\"@id\":\"https:\/\/www.thomasquince.com\/fr\/#website\",\"url\":\"https:\/\/www.thomasquince.com\/fr\/\",\"name\":\"Thomas Quinc\u00e9\",\"description\":\"Official Website\",\"publisher\":{\"@id\":\"https:\/\/www.thomasquince.com\/fr\/#organization\"},\"potentialAction\":[{\"@type\":\"SearchAction\",\"target\":{\"@type\":\"EntryPoint\",\"urlTemplate\":\"https:\/\/www.thomasquince.com\/fr\/?s={search_term_string}\"},\"query-input\":{\"@type\":\"PropertyValueSpecification\",\"valueRequired\":true,\"valueName\":\"search_term_string\"}}],\"inLanguage\":\"fr-FR\"},{\"@type\":\"Organization\",\"@id\":\"https:\/\/www.thomasquince.com\/fr\/#organization\",\"name\":\"Thomas Quinc\u00e9\",\"url\":\"https:\/\/www.thomasquince.com\/fr\/\",\"logo\":{\"@type\":\"ImageObject\",\"inLanguage\":\"fr-FR\",\"@id\":\"https:\/\/www.thomasquince.com\/fr\/#\/schema\/logo\/image\/\",\"url\":\"https:\/\/www.thomasquince.com\/wp-content\/uploads\/sites\/36\/2024\/03\/Asset-3.png\",\"contentUrl\":\"https:\/\/www.thomasquince.com\/wp-content\/uploads\/sites\/36\/2024\/03\/Asset-3.png\",\"width\":9169,\"height\":1500,\"caption\":\"Thomas Quinc\u00e9\"},\"image\":{\"@id\":\"https:\/\/www.thomasquince.com\/fr\/#\/schema\/logo\/image\/\"}}]}<\/script>\n<!-- \/ Yoast SEO plugin. -->","yoast_head_json":{"title":"Mentions L\u00e9gales - Thomas Quinc\u00e9","robots":{"index":"index","follow":"follow","max-snippet":"max-snippet:-1","max-image-preview":"max-image-preview:large","max-video-preview":"max-video-preview:-1"},"canonical":"https:\/\/www.thomasquince.com\/mentions-legales\/","og_locale":"fr_FR","og_type":"article","og_title":"Mentions L\u00e9gales - Thomas Quinc\u00e9","og_description":"Mentions L\u00e9gales Informations \u00e9diteur Responsable de la publication : Nazaire Quinc\u00e9 Informations h\u00e9bergeur SAS OVH \u2013 2 rue KellermannBP 80157 \u2013 59100 Roubaix Droits d\u2019auteur La [\u2026]","og_url":"https:\/\/www.thomasquince.com\/mentions-legales\/","og_site_name":"Thomas Quinc\u00e9","article_modified_time":"2024-03-20T08:43:32+00:00","twitter_card":"summary_large_image","twitter_misc":{"Dur\u00e9e de lecture estim\u00e9e":"1 minute"},"schema":{"@context":"https:\/\/schema.org","@graph":[{"@type":"WebPage","@id":"https:\/\/www.thomasquince.com\/mentions-legales\/","url":"https:\/\/www.thomasquince.com\/mentions-legales\/","name":"Mentions L\u00e9gales - Thomas Quinc\u00e9","isPartOf":{"@id":"https:\/\/www.thomasquince.com\/fr\/#website"},"datePublished":"2024-03-18T15:45:44+00:00","dateModified":"2024-03-20T08:43:32+00:00","breadcrumb":{"@id":"https:\/\/www.thomasquince.com\/mentions-legales\/#breadcrumb"},"inLanguage":"fr-FR","potentialAction":[{"@type":"ReadAction","target":["https:\/\/www.thomasquince.com\/mentions-legales\/"]}]},{"@type":"BreadcrumbList","@id":"https:\/\/www.thomasquince.com\/mentions-legales\/#breadcrumb","itemListElement":[{"@type":"ListItem","position":1,"name":"Accueil","item":"https:\/\/www.thomasquince.com\/"},{"@type":"ListItem","position":2,"name":"Mentions L\u00e9gales"}]},{"@type":"WebSite","@id":"https:\/\/www.thomasquince.com\/fr\/#website","url":"https:\/\/www.thomasquince.com\/fr\/","name":"Thomas Quinc\u00e9","description":"Official Website","publisher":{"@id":"https:\/\/www.thomasquince.com\/fr\/#organization"},"potentialAction":[{"@type":"SearchAction","target":{"@type":"EntryPoint","urlTemplate":"https:\/\/www.thomasquince.com\/fr\/?s={search_term_string}"},"query-input":{"@type":"PropertyValueSpecification","valueRequired":true,"valueName":"search_term_string"}}],"inLanguage":"fr-FR"},{"@type":"Organization","@id":"https:\/\/www.thomasquince.com\/fr\/#organization","name":"Thomas Quinc\u00e9","url":"https:\/\/www.thomasquince.com\/fr\/","logo":{"@type":"ImageObject","inLanguage":"fr-FR","@id":"https:\/\/www.thomasquince.com\/fr\/#\/schema\/logo\/image\/","url":"https:\/\/www.thomasquince.com\/wp-content\/uploads\/sites\/36\/2024\/03\/Asset-3.png","contentUrl":"https:\/\/www.thomasquince.com\/wp-content\/uploads\/sites\/36\/2024\/03\/Asset-3.png","width":9169,"height":1500,"caption":"Thomas Quinc\u00e9"},"image":{"@id":"https:\/\/www.thomasquince.com\/fr\/#\/schema\/logo\/image\/"}}]}},"_links":{"self":[{"href":"https:\/\/www.thomasquince.com\/fr\/wp-json\/wp\/v2\/pages\/1039","targetHints":{"allow":["GET"]}}],"collection":[{"href":"https:\/\/www.thomasquince.com\/fr\/wp-json\/wp\/v2\/pages"}],"about":[{"href":"https:\/\/www.thomasquince.com\/fr\/wp-json\/wp\/v2\/types\/page"}],"author":[{"embeddable":true,"href":"https:\/\/www.thomasquince.com\/fr\/wp-json\/wp\/v2\/users\/6"}],"replies":[{"embeddable":true,"href":"https:\/\/www.thomasquince.com\/fr\/wp-json\/wp\/v2\/comments?post=1039"}],"version-history":[{"count":10,"href":"https:\/\/www.thomasquince.com\/fr\/wp-json\/wp\/v2\/pages\/1039\/revisions"}],"predecessor-version":[{"id":1417,"href":"https:\/\/www.thomasquince.com\/fr\/wp-json\/wp\/v2\/pages\/1039\/revisions\/1417"}],"wp:attachment":[{"href":"https:\/\/www.thomasquince.com\/fr\/wp-json\/wp\/v2\/media?parent=1039"}],"curies":[{"name":"wp","href":"https:\/\/api.w.org\/{rel}","templated":true}]}}