{"id":1261,"date":"2024-03-19T11:38:19","date_gmt":"2024-03-19T10:38:19","guid":{"rendered":"https:\/\/www.thomasquince.com\/?page_id=1261"},"modified":"2024-03-19T11:39:07","modified_gmt":"2024-03-19T10:39:07","slug":"photos-2023","status":"publish","type":"page","link":"https:\/\/www.thomasquince.com\/photos-2023\/","title":{"rendered":"PHOTOS 2023"},"content":{"rendered":"\t\t<div data-elementor-type=\"wp-page\" data-elementor-id=\"1261\" class=\"elementor elementor-1261\" data-elementor-post-type=\"page\">\n\t\t\t\t\t\t<section class=\"has_eae_slider elementor-section elementor-top-section elementor-element elementor-element-71b764d elementor-section-boxed elementor-section-height-default elementor-section-height-default\" data-id=\"71b764d\" data-element_type=\"section\" data-settings=\"{&quot;background_background&quot;:&quot;classic&quot;}\">\n\t\t\t\t\t\t<div class=\"elementor-container elementor-column-gap-default\">\n\t\t\t\t\t<div class=\"has_eae_slider elementor-column elementor-col-100 elementor-top-column elementor-element elementor-element-d19286c\" data-id=\"d19286c\" data-element_type=\"column\">\n\t\t\t<div class=\"elementor-widget-wrap elementor-element-populated\">\n\t\t\t\t\t\t<div class=\"elementor-element elementor-element-3d663c1 elementor-widget elementor-widget-heading\" data-id=\"3d663c1\" data-element_type=\"widget\" data-widget_type=\"heading.default\">\n\t\t\t\t<div class=\"elementor-widget-container\">\n\t\t\t\t\t<h2 class=\"elementor-heading-title elementor-size-default\">Photos 2023<\/h2>\t\t\t\t<\/div>\n\t\t\t\t<\/div>\n\t\t\t\t\t<\/div>\n\t\t<\/div>\n\t\t\t\t\t<\/div>\n\t\t<\/section>\n\t\t\t\t<section class=\"has_eae_slider elementor-section elementor-top-section elementor-element elementor-element-d3991a0 elementor-section-content-bottom elementor-section-stretched elementor-section-boxed elementor-section-height-default elementor-section-height-default\" data-id=\"d3991a0\" data-element_type=\"section\" data-settings=\"{&quot;stretch_section&quot;:&quot;section-stretched&quot;,&quot;background_background&quot;:&quot;classic&quot;}\">\n\t\t\t\t\t\t<div class=\"elementor-container elementor-column-gap-extended\">\n\t\t\t\t\t<div class=\"has_eae_slider elementor-column elementor-col-100 elementor-top-column elementor-element elementor-element-322c2b8\" data-id=\"322c2b8\" data-element_type=\"column\">\n\t\t\t<div class=\"elementor-widget-wrap elementor-element-populated\">\n\t\t\t\t\t\t<div class=\"elementor-element elementor-element-df00ca7 elementor-grid-3 elementor-grid-tablet-2 elementor-grid-mobile-1 elementor-widget elementor-widget-portfolio\" data-id=\"df00ca7\" data-element_type=\"widget\" data-settings=\"{&quot;item_ratio&quot;:{&quot;unit&quot;:&quot;px&quot;,&quot;size&quot;:0.69,&quot;sizes&quot;:[]},&quot;columns&quot;:&quot;3&quot;,&quot;columns_tablet&quot;:&quot;2&quot;,&quot;columns_mobile&quot;:&quot;1&quot;,&quot;item_gap&quot;:{&quot;unit&quot;:&quot;px&quot;,&quot;size&quot;:&quot;&quot;,&quot;sizes&quot;:[]},&quot;row_gap&quot;:{&quot;unit&quot;:&quot;px&quot;,&quot;size&quot;:&quot;&quot;,&quot;sizes&quot;:[]}}\" data-widget_type=\"portfolio.default\">\n\t\t\t\t<div class=\"elementor-widget-container\">\n\t\t\t\t\t\t\t<div class=\"elementor-portfolio elementor-grid elementor-posts-container\">\n\t\t\t\t<article class=\"elementor-portfolio-item elementor-post  post-828 portfolio type-portfolio status-publish has-post-thumbnail hentry portfolio-types-23\">\n\t\t\t<a class=\"elementor-post__thumbnail__link\" href=\"https:\/\/www.thomasquince.com\/fr\/portfolio-item\/wsk-final-cup-franciacorta-26-11-23\/\">\n\t\t\t\t<div class=\"elementor-portfolio-item__img elementor-post__thumbnail\">\n\t\t\t<img fetchpriority=\"high\" decoding=\"async\" width=\"960\" height=\"750\" src=\"https:\/\/www.thomasquince.com\/wp-content\/uploads\/sites\/36\/2024\/03\/KSP_312_1921-960x750.jpg\" class=\"attachment-blog-portfolio size-blog-portfolio wp-image-792\" alt=\"\" srcset=\"https:\/\/www.thomasquince.com\/wp-content\/uploads\/sites\/36\/2024\/03\/KSP_312_1921-960x750.jpg 960w, https:\/\/www.thomasquince.com\/wp-content\/uploads\/sites\/36\/2024\/03\/KSP_312_1921-1280x1000.jpg 1280w\" sizes=\"(max-width:767px) 480px, (max-width:960px) 100vw, 960px\" \/>\t\t<\/div>\n\t\t\t\t<div class=\"elementor-portfolio-item__overlay\">\n\t\t\t\t<h3 class=\"elementor-portfolio-item__title\">\n\t\tWSK Final Cup \u2013 Franciacorta 26\/11\/23\t\t<\/h3>\n\t\t\t\t<\/div>\n\t\t\t\t<\/a>\n\t\t<\/article>\n\t\t\t\t<article class=\"elementor-portfolio-item elementor-post  post-823 portfolio type-portfolio status-publish has-post-thumbnail hentry portfolio-types-23\">\n\t\t\t<a class=\"elementor-post__thumbnail__link\" href=\"https:\/\/www.thomasquince.com\/fr\/portfolio-item\/wsk-final-cup-lonato-19-11-23\/\">\n\t\t\t\t<div class=\"elementor-portfolio-item__img elementor-post__thumbnail\">\n\t\t\t<img decoding=\"async\" width=\"960\" height=\"750\" src=\"https:\/\/www.thomasquince.com\/wp-content\/uploads\/sites\/36\/2024\/03\/KSP_312_0001-960x750.jpg\" class=\"attachment-blog-portfolio size-blog-portfolio wp-image-767\" alt=\"\" srcset=\"https:\/\/www.thomasquince.com\/wp-content\/uploads\/sites\/36\/2024\/03\/KSP_312_0001-960x750.jpg 960w, https:\/\/www.thomasquince.com\/wp-content\/uploads\/sites\/36\/2024\/03\/KSP_312_0001-1280x1000.jpg 1280w\" sizes=\"(max-width:767px) 480px, (max-width:960px) 100vw, 960px\" \/>\t\t<\/div>\n\t\t\t\t<div class=\"elementor-portfolio-item__overlay\">\n\t\t\t\t<h3 class=\"elementor-portfolio-item__title\">\n\t\tWSK Final Cup \u2013 Lonato 19\/11\/23\t\t<\/h3>\n\t\t\t\t<\/div>\n\t\t\t\t<\/a>\n\t\t<\/article>\n\t\t\t\t<article class=\"elementor-portfolio-item elementor-post  post-818 portfolio type-portfolio status-publish has-post-thumbnail hentry portfolio-types-23\">\n\t\t\t<a class=\"elementor-post__thumbnail__link\" href=\"https:\/\/www.thomasquince.com\/fr\/portfolio-item\/fia-karting-european-championship-franciacorta-08-10-23\/\">\n\t\t\t\t<div class=\"elementor-portfolio-item__img elementor-post__thumbnail\">\n\t\t\t<img decoding=\"async\" width=\"960\" height=\"750\" src=\"https:\/\/www.thomasquince.com\/wp-content\/uploads\/sites\/36\/2024\/03\/KSP_272_1191-960x750.jpg\" class=\"attachment-blog-portfolio size-blog-portfolio wp-image-755\" alt=\"\" srcset=\"https:\/\/www.thomasquince.com\/wp-content\/uploads\/sites\/36\/2024\/03\/KSP_272_1191-960x750.jpg 960w, https:\/\/www.thomasquince.com\/wp-content\/uploads\/sites\/36\/2024\/03\/KSP_272_1191-1280x1000.jpg 1280w\" sizes=\"(max-width:767px) 480px, (max-width:960px) 100vw, 960px\" \/>\t\t<\/div>\n\t\t\t\t<div class=\"elementor-portfolio-item__overlay\">\n\t\t\t\t<h3 class=\"elementor-portfolio-item__title\">\n\t\tFIA Karting European Championship \u2013 Franciacorta 08\/10\/23\t\t<\/h3>\n\t\t\t\t<\/div>\n\t\t\t\t<\/a>\n\t\t<\/article>\n\t\t\t\t<article class=\"elementor-portfolio-item elementor-post  post-813 portfolio type-portfolio status-publish has-post-thumbnail hentry portfolio-types-23\">\n\t\t\t<a class=\"elementor-post__thumbnail__link\" href=\"https:\/\/www.thomasquince.com\/fr\/portfolio-item\/champions-of-the-future-euro-series-franciacorta-17-09-23\/\">\n\t\t\t\t<div class=\"elementor-portfolio-item__img elementor-post__thumbnail\">\n\t\t\t<img loading=\"lazy\" decoding=\"async\" width=\"960\" height=\"750\" src=\"https:\/\/www.thomasquince.com\/wp-content\/uploads\/sites\/36\/2024\/03\/KSP_130_1272-960x750.jpg\" class=\"attachment-blog-portfolio size-blog-portfolio wp-image-742\" alt=\"\" srcset=\"https:\/\/www.thomasquince.com\/wp-content\/uploads\/sites\/36\/2024\/03\/KSP_130_1272-960x750.jpg 960w, https:\/\/www.thomasquince.com\/wp-content\/uploads\/sites\/36\/2024\/03\/KSP_130_1272-1280x1000.jpg 1280w\" sizes=\"(max-width:767px) 480px, (max-width:960px) 100vw, 960px\" \/>\t\t<\/div>\n\t\t\t\t<div class=\"elementor-portfolio-item__overlay\">\n\t\t\t\t<h3 class=\"elementor-portfolio-item__title\">\n\t\tChampions of the Future Euro Series \u2013 Franciacorta 17\/09\/23\t\t<\/h3>\n\t\t\t\t<\/div>\n\t\t\t\t<\/a>\n\t\t<\/article>\n\t\t\t\t<article class=\"elementor-portfolio-item elementor-post  post-808 portfolio type-portfolio status-publish has-post-thumbnail hentry portfolio-types-23\">\n\t\t\t<a class=\"elementor-post__thumbnail__link\" href=\"https:\/\/www.thomasquince.com\/fr\/portfolio-item\/wsk-euro-series-franciacorta-03-09-23\/\">\n\t\t\t\t<div class=\"elementor-portfolio-item__img elementor-post__thumbnail\">\n\t\t\t<img loading=\"lazy\" decoding=\"async\" width=\"960\" height=\"750\" src=\"https:\/\/www.thomasquince.com\/wp-content\/uploads\/sites\/36\/2024\/03\/KSP_319_1517-960x750.jpg\" class=\"attachment-blog-portfolio size-blog-portfolio wp-image-729\" alt=\"\" srcset=\"https:\/\/www.thomasquince.com\/wp-content\/uploads\/sites\/36\/2024\/03\/KSP_319_1517-960x750.jpg 960w, https:\/\/www.thomasquince.com\/wp-content\/uploads\/sites\/36\/2024\/03\/KSP_319_1517-1280x1000.jpg 1280w\" sizes=\"(max-width:767px) 480px, (max-width:960px) 100vw, 960px\" \/>\t\t<\/div>\n\t\t\t\t<div class=\"elementor-portfolio-item__overlay\">\n\t\t\t\t<h3 class=\"elementor-portfolio-item__title\">\n\t\tWSK Euro Series \u2013 Franciacorta 03\/09\/23\t\t<\/h3>\n\t\t\t\t<\/div>\n\t\t\t\t<\/a>\n\t\t<\/article>\n\t\t\t\t<article class=\"elementor-portfolio-item elementor-post  post-803 portfolio type-portfolio status-publish has-post-thumbnail hentry portfolio-types-23\">\n\t\t\t<a class=\"elementor-post__thumbnail__link\" href=\"https:\/\/www.thomasquince.com\/fr\/portfolio-item\/champions-of-the-future-euro-series-rodby-03-06-23\/\">\n\t\t\t\t<div class=\"elementor-portfolio-item__img elementor-post__thumbnail\">\n\t\t\t<img loading=\"lazy\" decoding=\"async\" width=\"960\" height=\"750\" src=\"https:\/\/www.thomasquince.com\/wp-content\/uploads\/sites\/36\/2024\/03\/KSP_130_0321-960x750.jpg\" class=\"attachment-blog-portfolio size-blog-portfolio wp-image-694\" alt=\"\" srcset=\"https:\/\/www.thomasquince.com\/wp-content\/uploads\/sites\/36\/2024\/03\/KSP_130_0321-960x750.jpg 960w, https:\/\/www.thomasquince.com\/wp-content\/uploads\/sites\/36\/2024\/03\/KSP_130_0321-1280x1000.jpg 1280w\" sizes=\"(max-width:767px) 480px, (max-width:960px) 100vw, 960px\" \/>\t\t<\/div>\n\t\t\t\t<div class=\"elementor-portfolio-item__overlay\">\n\t\t\t\t<h3 class=\"elementor-portfolio-item__title\">\n\t\tChampions of the Future Euro Series \u2013 Rodby 03\/06\/23\t\t<\/h3>\n\t\t\t\t<\/div>\n\t\t\t\t<\/a>\n\t\t<\/article>\n\t\t\t\t<\/div>\n\t\t\t\t\t\t<\/div>\n\t\t\t\t<\/div>\n\t\t\t\t\t<\/div>\n\t\t<\/div>\n\t\t\t\t\t<\/div>\n\t\t<\/section>\n\t\t\t\t<\/div>\n\t\t","protected":false},"excerpt":{"rendered":"<p>Photos 2023<\/p>\n","protected":false},"author":6,"featured_media":0,"parent":0,"menu_order":0,"comment_status":"closed","ping_status":"closed","template":"elementor_header_footer","meta":{"footnotes":""},"class_list":["post-1261","page","type-page","status-publish","hentry"],"yoast_head":"<!-- This site is optimized with the Yoast SEO plugin v26.5 - https:\/\/yoast.com\/wordpress\/plugins\/seo\/ -->\n<title>PHOTOS 2023 - Thomas Quinc\u00e9<\/title>\n<meta name=\"robots\" content=\"index, follow, max-snippet:-1, max-image-preview:large, max-video-preview:-1\" \/>\n<link rel=\"canonical\" href=\"https:\/\/www.thomasquince.com\/photos-2023\/\" \/>\n<meta property=\"og:locale\" content=\"fr_FR\" \/>\n<meta property=\"og:type\" content=\"article\" \/>\n<meta property=\"og:title\" content=\"PHOTOS 2023 - Thomas Quinc\u00e9\" \/>\n<meta property=\"og:description\" content=\"Photos 2023\" \/>\n<meta property=\"og:url\" content=\"https:\/\/www.thomasquince.com\/photos-2023\/\" \/>\n<meta property=\"og:site_name\" content=\"Thomas Quinc\u00e9\" \/>\n<meta property=\"article:modified_time\" content=\"2024-03-19T10:39:07+00:00\" \/>\n<meta name=\"twitter:card\" content=\"summary_large_image\" \/>\n<meta name=\"twitter:label1\" content=\"Dur\u00e9e de lecture estim\u00e9e\" \/>\n\t<meta name=\"twitter:data1\" content=\"2 minutes\" \/>\n<script type=\"application\/ld+json\" class=\"yoast-schema-graph\">{\"@context\":\"https:\/\/schema.org\",\"@graph\":[{\"@type\":\"WebPage\",\"@id\":\"https:\/\/www.thomasquince.com\/photos-2023\/\",\"url\":\"https:\/\/www.thomasquince.com\/photos-2023\/\",\"name\":\"PHOTOS 2023 - Thomas Quinc\u00e9\",\"isPartOf\":{\"@id\":\"https:\/\/www.thomasquince.com\/fr\/#website\"},\"datePublished\":\"2024-03-19T10:38:19+00:00\",\"dateModified\":\"2024-03-19T10:39:07+00:00\",\"breadcrumb\":{\"@id\":\"https:\/\/www.thomasquince.com\/photos-2023\/#breadcrumb\"},\"inLanguage\":\"fr-FR\",\"potentialAction\":[{\"@type\":\"ReadAction\",\"target\":[\"https:\/\/www.thomasquince.com\/photos-2023\/\"]}]},{\"@type\":\"BreadcrumbList\",\"@id\":\"https:\/\/www.thomasquince.com\/photos-2023\/#breadcrumb\",\"itemListElement\":[{\"@type\":\"ListItem\",\"position\":1,\"name\":\"Accueil\",\"item\":\"https:\/\/www.thomasquince.com\/\"},{\"@type\":\"ListItem\",\"position\":2,\"name\":\"PHOTOS 2023\"}]},{\"@type\":\"WebSite\",\"@id\":\"https:\/\/www.thomasquince.com\/fr\/#website\",\"url\":\"https:\/\/www.thomasquince.com\/fr\/\",\"name\":\"Thomas Quinc\u00e9\",\"description\":\"Official Website\",\"publisher\":{\"@id\":\"https:\/\/www.thomasquince.com\/fr\/#organization\"},\"potentialAction\":[{\"@type\":\"SearchAction\",\"target\":{\"@type\":\"EntryPoint\",\"urlTemplate\":\"https:\/\/www.thomasquince.com\/fr\/?s={search_term_string}\"},\"query-input\":{\"@type\":\"PropertyValueSpecification\",\"valueRequired\":true,\"valueName\":\"search_term_string\"}}],\"inLanguage\":\"fr-FR\"},{\"@type\":\"Organization\",\"@id\":\"https:\/\/www.thomasquince.com\/fr\/#organization\",\"name\":\"Thomas Quinc\u00e9\",\"url\":\"https:\/\/www.thomasquince.com\/fr\/\",\"logo\":{\"@type\":\"ImageObject\",\"inLanguage\":\"fr-FR\",\"@id\":\"https:\/\/www.thomasquince.com\/fr\/#\/schema\/logo\/image\/\",\"url\":\"https:\/\/www.thomasquince.com\/wp-content\/uploads\/sites\/36\/2024\/03\/Asset-3.png\",\"contentUrl\":\"https:\/\/www.thomasquince.com\/wp-content\/uploads\/sites\/36\/2024\/03\/Asset-3.png\",\"width\":9169,\"height\":1500,\"caption\":\"Thomas Quinc\u00e9\"},\"image\":{\"@id\":\"https:\/\/www.thomasquince.com\/fr\/#\/schema\/logo\/image\/\"}}]}<\/script>\n<!-- \/ Yoast SEO plugin. -->","yoast_head_json":{"title":"PHOTOS 2023 - Thomas Quinc\u00e9","robots":{"index":"index","follow":"follow","max-snippet":"max-snippet:-1","max-image-preview":"max-image-preview:large","max-video-preview":"max-video-preview:-1"},"canonical":"https:\/\/www.thomasquince.com\/photos-2023\/","og_locale":"fr_FR","og_type":"article","og_title":"PHOTOS 2023 - Thomas Quinc\u00e9","og_description":"Photos 2023","og_url":"https:\/\/www.thomasquince.com\/photos-2023\/","og_site_name":"Thomas Quinc\u00e9","article_modified_time":"2024-03-19T10:39:07+00:00","twitter_card":"summary_large_image","twitter_misc":{"Dur\u00e9e de lecture estim\u00e9e":"2 minutes"},"schema":{"@context":"https:\/\/schema.org","@graph":[{"@type":"WebPage","@id":"https:\/\/www.thomasquince.com\/photos-2023\/","url":"https:\/\/www.thomasquince.com\/photos-2023\/","name":"PHOTOS 2023 - Thomas Quinc\u00e9","isPartOf":{"@id":"https:\/\/www.thomasquince.com\/fr\/#website"},"datePublished":"2024-03-19T10:38:19+00:00","dateModified":"2024-03-19T10:39:07+00:00","breadcrumb":{"@id":"https:\/\/www.thomasquince.com\/photos-2023\/#breadcrumb"},"inLanguage":"fr-FR","potentialAction":[{"@type":"ReadAction","target":["https:\/\/www.thomasquince.com\/photos-2023\/"]}]},{"@type":"BreadcrumbList","@id":"https:\/\/www.thomasquince.com\/photos-2023\/#breadcrumb","itemListElement":[{"@type":"ListItem","position":1,"name":"Accueil","item":"https:\/\/www.thomasquince.com\/"},{"@type":"ListItem","position":2,"name":"PHOTOS 2023"}]},{"@type":"WebSite","@id":"https:\/\/www.thomasquince.com\/fr\/#website","url":"https:\/\/www.thomasquince.com\/fr\/","name":"Thomas Quinc\u00e9","description":"Official Website","publisher":{"@id":"https:\/\/www.thomasquince.com\/fr\/#organization"},"potentialAction":[{"@type":"SearchAction","target":{"@type":"EntryPoint","urlTemplate":"https:\/\/www.thomasquince.com\/fr\/?s={search_term_string}"},"query-input":{"@type":"PropertyValueSpecification","valueRequired":true,"valueName":"search_term_string"}}],"inLanguage":"fr-FR"},{"@type":"Organization","@id":"https:\/\/www.thomasquince.com\/fr\/#organization","name":"Thomas Quinc\u00e9","url":"https:\/\/www.thomasquince.com\/fr\/","logo":{"@type":"ImageObject","inLanguage":"fr-FR","@id":"https:\/\/www.thomasquince.com\/fr\/#\/schema\/logo\/image\/","url":"https:\/\/www.thomasquince.com\/wp-content\/uploads\/sites\/36\/2024\/03\/Asset-3.png","contentUrl":"https:\/\/www.thomasquince.com\/wp-content\/uploads\/sites\/36\/2024\/03\/Asset-3.png","width":9169,"height":1500,"caption":"Thomas Quinc\u00e9"},"image":{"@id":"https:\/\/www.thomasquince.com\/fr\/#\/schema\/logo\/image\/"}}]}},"_links":{"self":[{"href":"https:\/\/www.thomasquince.com\/fr\/wp-json\/wp\/v2\/pages\/1261","targetHints":{"allow":["GET"]}}],"collection":[{"href":"https:\/\/www.thomasquince.com\/fr\/wp-json\/wp\/v2\/pages"}],"about":[{"href":"https:\/\/www.thomasquince.com\/fr\/wp-json\/wp\/v2\/types\/page"}],"author":[{"embeddable":true,"href":"https:\/\/www.thomasquince.com\/fr\/wp-json\/wp\/v2\/users\/6"}],"replies":[{"embeddable":true,"href":"https:\/\/www.thomasquince.com\/fr\/wp-json\/wp\/v2\/comments?post=1261"}],"version-history":[{"count":4,"href":"https:\/\/www.thomasquince.com\/fr\/wp-json\/wp\/v2\/pages\/1261\/revisions"}],"predecessor-version":[{"id":1265,"href":"https:\/\/www.thomasquince.com\/fr\/wp-json\/wp\/v2\/pages\/1261\/revisions\/1265"}],"wp:attachment":[{"href":"https:\/\/www.thomasquince.com\/fr\/wp-json\/wp\/v2\/media?parent=1261"}],"curies":[{"name":"wp","href":"https:\/\/api.w.org\/{rel}","templated":true}]}}