{"id":1780,"date":"2024-03-27T15:44:05","date_gmt":"2024-03-27T14:44:05","guid":{"rendered":"https:\/\/www.thomasquince.com\/?page_id=1780"},"modified":"2024-03-27T15:44:47","modified_gmt":"2024-03-27T14:44:47","slug":"photos-2021","status":"publish","type":"page","link":"https:\/\/www.thomasquince.com\/photos-2021\/","title":{"rendered":"PHOTOS 2021"},"content":{"rendered":"\t\t<div data-elementor-type=\"wp-page\" data-elementor-id=\"1780\" class=\"elementor elementor-1780\" data-elementor-post-type=\"page\">\n\t\t\t\t\t\t<section class=\"has_eae_slider elementor-section elementor-top-section elementor-element elementor-element-71b764d elementor-section-boxed elementor-section-height-default elementor-section-height-default\" data-id=\"71b764d\" data-element_type=\"section\" data-settings=\"{&quot;background_background&quot;:&quot;classic&quot;}\">\n\t\t\t\t\t\t<div class=\"elementor-container elementor-column-gap-default\">\n\t\t\t\t\t<div class=\"has_eae_slider elementor-column elementor-col-100 elementor-top-column elementor-element elementor-element-d19286c\" data-id=\"d19286c\" data-element_type=\"column\">\n\t\t\t<div class=\"elementor-widget-wrap elementor-element-populated\">\n\t\t\t\t\t\t<div class=\"elementor-element elementor-element-3d663c1 elementor-widget elementor-widget-heading\" data-id=\"3d663c1\" data-element_type=\"widget\" data-widget_type=\"heading.default\">\n\t\t\t\t<div class=\"elementor-widget-container\">\n\t\t\t\t\t<h2 class=\"elementor-heading-title elementor-size-default\">Photos 2021<\/h2>\t\t\t\t<\/div>\n\t\t\t\t<\/div>\n\t\t\t\t\t<\/div>\n\t\t<\/div>\n\t\t\t\t\t<\/div>\n\t\t<\/section>\n\t\t\t\t<section class=\"has_eae_slider elementor-section elementor-top-section elementor-element elementor-element-d3991a0 elementor-section-content-bottom elementor-section-stretched elementor-section-boxed elementor-section-height-default elementor-section-height-default\" data-id=\"d3991a0\" data-element_type=\"section\" data-settings=\"{&quot;stretch_section&quot;:&quot;section-stretched&quot;,&quot;background_background&quot;:&quot;classic&quot;}\">\n\t\t\t\t\t\t<div class=\"elementor-container elementor-column-gap-extended\">\n\t\t\t\t\t<div class=\"has_eae_slider elementor-column elementor-col-100 elementor-top-column elementor-element elementor-element-322c2b8\" data-id=\"322c2b8\" data-element_type=\"column\">\n\t\t\t<div class=\"elementor-widget-wrap elementor-element-populated\">\n\t\t\t\t\t\t<div class=\"elementor-element elementor-element-df00ca7 elementor-grid-3 elementor-grid-tablet-2 elementor-grid-mobile-1 elementor-widget elementor-widget-portfolio\" data-id=\"df00ca7\" data-element_type=\"widget\" data-settings=\"{&quot;item_ratio&quot;:{&quot;unit&quot;:&quot;px&quot;,&quot;size&quot;:0.69,&quot;sizes&quot;:[]},&quot;columns&quot;:&quot;3&quot;,&quot;columns_tablet&quot;:&quot;2&quot;,&quot;columns_mobile&quot;:&quot;1&quot;,&quot;item_gap&quot;:{&quot;unit&quot;:&quot;px&quot;,&quot;size&quot;:&quot;&quot;,&quot;sizes&quot;:[]},&quot;row_gap&quot;:{&quot;unit&quot;:&quot;px&quot;,&quot;size&quot;:&quot;&quot;,&quot;sizes&quot;:[]}}\" data-widget_type=\"portfolio.default\">\n\t\t\t\t<div class=\"elementor-widget-container\">\n\t\t\t\t\t\t\t<div class=\"elementor-portfolio elementor-grid elementor-posts-container\">\n\t\t\t\t<article class=\"elementor-portfolio-item elementor-post  post-1767 portfolio type-portfolio status-publish has-post-thumbnail hentry portfolio-types-24\">\n\t\t\t<a class=\"elementor-post__thumbnail__link\" href=\"https:\/\/www.thomasquince.com\/fr\/portfolio-item\/wsk-final-cup-adria-21-11-21\/\">\n\t\t\t\t<div class=\"elementor-portfolio-item__img elementor-post__thumbnail\">\n\t\t\t<img fetchpriority=\"high\" decoding=\"async\" width=\"960\" height=\"750\" src=\"https:\/\/www.thomasquince.com\/wp-content\/uploads\/sites\/36\/2024\/03\/KSP_319_5302-960x750.jpg\" class=\"attachment-blog-portfolio size-blog-portfolio wp-image-1764\" alt=\"\" srcset=\"https:\/\/www.thomasquince.com\/wp-content\/uploads\/sites\/36\/2024\/03\/KSP_319_5302-960x750.jpg 960w, https:\/\/www.thomasquince.com\/wp-content\/uploads\/sites\/36\/2024\/03\/KSP_319_5302-1280x1000.jpg 1280w\" sizes=\"(max-width:767px) 480px, (max-width:960px) 100vw, 960px\" \/>\t\t<\/div>\n\t\t\t\t<div class=\"elementor-portfolio-item__overlay\">\n\t\t\t\t<h3 class=\"elementor-portfolio-item__title\">\n\t\tWSK Final Cup &#8211; Adria 21\/11\/21\t\t<\/h3>\n\t\t\t\t<\/div>\n\t\t\t\t<\/a>\n\t\t<\/article>\n\t\t\t\t<article class=\"elementor-portfolio-item elementor-post  post-1731 portfolio type-portfolio status-publish has-post-thumbnail hentry portfolio-types-24\">\n\t\t\t<a class=\"elementor-post__thumbnail__link\" href=\"https:\/\/www.thomasquince.com\/fr\/portfolio-item\/winter-cup-lonato-14-11-21\/\">\n\t\t\t\t<div class=\"elementor-portfolio-item__img elementor-post__thumbnail\">\n\t\t\t<img decoding=\"async\" width=\"960\" height=\"750\" src=\"https:\/\/www.thomasquince.com\/wp-content\/uploads\/sites\/36\/2024\/03\/KSP_215_2291-960x750.jpg\" class=\"attachment-blog-portfolio size-blog-portfolio wp-image-1733\" alt=\"\" srcset=\"https:\/\/www.thomasquince.com\/wp-content\/uploads\/sites\/36\/2024\/03\/KSP_215_2291-960x750.jpg 960w, https:\/\/www.thomasquince.com\/wp-content\/uploads\/sites\/36\/2024\/03\/KSP_215_2291-1280x1000.jpg 1280w\" sizes=\"(max-width:767px) 480px, (max-width:960px) 100vw, 960px\" \/>\t\t<\/div>\n\t\t\t\t<div class=\"elementor-portfolio-item__overlay\">\n\t\t\t\t<h3 class=\"elementor-portfolio-item__title\">\n\t\tWinter Cup &#8211; Lonato 14\/11\/21\t\t<\/h3>\n\t\t\t\t<\/div>\n\t\t\t\t<\/a>\n\t\t<\/article>\n\t\t\t\t<article class=\"elementor-portfolio-item elementor-post  post-1719 portfolio type-portfolio status-publish has-post-thumbnail hentry portfolio-types-24\">\n\t\t\t<a class=\"elementor-post__thumbnail__link\" href=\"https:\/\/www.thomasquince.com\/fr\/portfolio-item\/wsk-open-cup-adria-03-10-21\/\">\n\t\t\t\t<div class=\"elementor-portfolio-item__img elementor-post__thumbnail\">\n\t\t\t<img decoding=\"async\" width=\"960\" height=\"750\" src=\"https:\/\/www.thomasquince.com\/wp-content\/uploads\/sites\/36\/2024\/03\/KSP_377_1932-960x750.jpg\" class=\"attachment-blog-portfolio size-blog-portfolio wp-image-1717\" alt=\"\" srcset=\"https:\/\/www.thomasquince.com\/wp-content\/uploads\/sites\/36\/2024\/03\/KSP_377_1932-960x750.jpg 960w, https:\/\/www.thomasquince.com\/wp-content\/uploads\/sites\/36\/2024\/03\/KSP_377_1932-1280x1000.jpg 1280w\" sizes=\"(max-width:767px) 480px, (max-width:960px) 100vw, 960px\" \/>\t\t<\/div>\n\t\t\t\t<div class=\"elementor-portfolio-item__overlay\">\n\t\t\t\t<h3 class=\"elementor-portfolio-item__title\">\n\t\tWSK Open Cup &#8211; Adria 03\/10\/21\t\t<\/h3>\n\t\t\t\t<\/div>\n\t\t\t\t<\/a>\n\t\t<\/article>\n\t\t\t\t<article class=\"elementor-portfolio-item elementor-post  post-1697 portfolio type-portfolio status-publish has-post-thumbnail hentry portfolio-types-24\">\n\t\t\t<a class=\"elementor-post__thumbnail__link\" href=\"https:\/\/www.thomasquince.com\/fr\/portfolio-item\/fia-karting-european-championship-zuera-25-07-21\/\">\n\t\t\t\t<div class=\"elementor-portfolio-item__img elementor-post__thumbnail\">\n\t\t\t<img loading=\"lazy\" decoding=\"async\" width=\"960\" height=\"750\" src=\"https:\/\/www.thomasquince.com\/wp-content\/uploads\/sites\/36\/2024\/03\/KSP_268_3978-960x750.jpg\" class=\"attachment-blog-portfolio size-blog-portfolio wp-image-1690\" alt=\"\" \/>\t\t<\/div>\n\t\t\t\t<div class=\"elementor-portfolio-item__overlay\">\n\t\t\t\t<h3 class=\"elementor-portfolio-item__title\">\n\t\tFIA Karting European Championship &#8211; Zuera 25\/07\/21\t\t<\/h3>\n\t\t\t\t<\/div>\n\t\t\t\t<\/a>\n\t\t<\/article>\n\t\t\t\t<article class=\"elementor-portfolio-item elementor-post  post-1666 portfolio type-portfolio status-publish has-post-thumbnail hentry portfolio-types-24\">\n\t\t\t<a class=\"elementor-post__thumbnail__link\" href=\"https:\/\/www.thomasquince.com\/fr\/portfolio-item\/champions-of-the-future-zuera-18-07-21\/\">\n\t\t\t\t<div class=\"elementor-portfolio-item__img elementor-post__thumbnail\">\n\t\t\t<img loading=\"lazy\" decoding=\"async\" width=\"960\" height=\"750\" src=\"https:\/\/www.thomasquince.com\/wp-content\/uploads\/sites\/36\/2024\/03\/KSP_047_2544-960x750.jpg\" class=\"attachment-blog-portfolio size-blog-portfolio wp-image-1664\" alt=\"\" srcset=\"https:\/\/www.thomasquince.com\/wp-content\/uploads\/sites\/36\/2024\/03\/KSP_047_2544-960x750.jpg 960w, https:\/\/www.thomasquince.com\/wp-content\/uploads\/sites\/36\/2024\/03\/KSP_047_2544-1280x1000.jpg 1280w\" sizes=\"(max-width:767px) 480px, (max-width:960px) 100vw, 960px\" \/>\t\t<\/div>\n\t\t\t\t<div class=\"elementor-portfolio-item__overlay\">\n\t\t\t\t<h3 class=\"elementor-portfolio-item__title\">\n\t\tChampions of the Future &#8211; Zuera 18\/07\/21\t\t<\/h3>\n\t\t\t\t<\/div>\n\t\t\t\t<\/a>\n\t\t<\/article>\n\t\t\t\t<article class=\"elementor-portfolio-item elementor-post  post-1640 portfolio type-portfolio status-publish has-post-thumbnail hentry portfolio-types-24\">\n\t\t\t<a class=\"elementor-post__thumbnail__link\" href=\"https:\/\/www.thomasquince.com\/fr\/portfolio-item\/fia-karting-european-champioship-aunay-les-bois-30-05-21\/\">\n\t\t\t\t<div class=\"elementor-portfolio-item__img elementor-post__thumbnail\">\n\t\t\t<img loading=\"lazy\" decoding=\"async\" width=\"960\" height=\"750\" src=\"https:\/\/www.thomasquince.com\/wp-content\/uploads\/sites\/36\/2024\/03\/KSP_268_3640-960x750.jpg\" class=\"attachment-blog-portfolio size-blog-portfolio wp-image-1639\" alt=\"\" \/>\t\t<\/div>\n\t\t\t\t<div class=\"elementor-portfolio-item__overlay\">\n\t\t\t\t<h3 class=\"elementor-portfolio-item__title\">\n\t\tFIA Karting European Champioship &#8211; Aunay-les-Bois 30\/05\/21\t\t<\/h3>\n\t\t\t\t<\/div>\n\t\t\t\t<\/a>\n\t\t<\/article>\n\t\t\t\t<article class=\"elementor-portfolio-item elementor-post  post-1616 portfolio type-portfolio status-publish has-post-thumbnail hentry portfolio-types-24\">\n\t\t\t<a class=\"elementor-post__thumbnail__link\" href=\"https:\/\/www.thomasquince.com\/fr\/portfolio-item\/fia-karting-european-championship-genk-16-05-21\/\">\n\t\t\t\t<div class=\"elementor-portfolio-item__img elementor-post__thumbnail\">\n\t\t\t<img loading=\"lazy\" decoding=\"async\" width=\"960\" height=\"750\" src=\"https:\/\/www.thomasquince.com\/wp-content\/uploads\/sites\/36\/2024\/03\/KSP_268_18124-960x750.jpg\" class=\"attachment-blog-portfolio size-blog-portfolio wp-image-1615\" alt=\"\" srcset=\"https:\/\/www.thomasquince.com\/wp-content\/uploads\/sites\/36\/2024\/03\/KSP_268_18124-960x750.jpg 960w, https:\/\/www.thomasquince.com\/wp-content\/uploads\/sites\/36\/2024\/03\/KSP_268_18124-1280x1000.jpg 1280w\" sizes=\"(max-width:767px) 480px, (max-width:960px) 100vw, 960px\" \/>\t\t<\/div>\n\t\t\t\t<div class=\"elementor-portfolio-item__overlay\">\n\t\t\t\t<h3 class=\"elementor-portfolio-item__title\">\n\t\tFIA Karting European Championship &#8211; Genk 16\/05\/21\t\t<\/h3>\n\t\t\t\t<\/div>\n\t\t\t\t<\/a>\n\t\t<\/article>\n\t\t\t\t<article class=\"elementor-portfolio-item elementor-post  post-1593 portfolio type-portfolio status-publish has-post-thumbnail hentry portfolio-types-24\">\n\t\t\t<a class=\"elementor-post__thumbnail__link\" href=\"https:\/\/www.thomasquince.com\/fr\/portfolio-item\/champions-of-the-future-genk-02-05-21\/\">\n\t\t\t\t<div class=\"elementor-portfolio-item__img elementor-post__thumbnail\">\n\t\t\t<img loading=\"lazy\" decoding=\"async\" width=\"960\" height=\"750\" src=\"https:\/\/www.thomasquince.com\/wp-content\/uploads\/sites\/36\/2024\/03\/KSP_047_16222-960x750.jpg\" class=\"attachment-blog-portfolio size-blog-portfolio wp-image-1587\" alt=\"\" srcset=\"https:\/\/www.thomasquince.com\/wp-content\/uploads\/sites\/36\/2024\/03\/KSP_047_16222-960x750.jpg 960w, https:\/\/www.thomasquince.com\/wp-content\/uploads\/sites\/36\/2024\/03\/KSP_047_16222-1280x1000.jpg 1280w\" sizes=\"(max-width:767px) 480px, (max-width:960px) 100vw, 960px\" \/>\t\t<\/div>\n\t\t\t\t<div class=\"elementor-portfolio-item__overlay\">\n\t\t\t\t<h3 class=\"elementor-portfolio-item__title\">\n\t\tChampions of the Future &#8211; Genk 02\/05\/21\t\t<\/h3>\n\t\t\t\t<\/div>\n\t\t\t\t<\/a>\n\t\t<\/article>\n\t\t\t\t<article class=\"elementor-portfolio-item elementor-post  post-1569 portfolio type-portfolio status-publish has-post-thumbnail hentry portfolio-types-24\">\n\t\t\t<a class=\"elementor-post__thumbnail__link\" href=\"https:\/\/www.thomasquince.com\/fr\/portfolio-item\/wsk-super-master-adria-28-02-21\/\">\n\t\t\t\t<div class=\"elementor-portfolio-item__img elementor-post__thumbnail\">\n\t\t\t<img loading=\"lazy\" decoding=\"async\" width=\"960\" height=\"750\" src=\"https:\/\/www.thomasquince.com\/wp-content\/uploads\/sites\/36\/2024\/03\/KSP_363_0404-960x750.jpg\" class=\"attachment-blog-portfolio size-blog-portfolio wp-image-1557\" alt=\"\" srcset=\"https:\/\/www.thomasquince.com\/wp-content\/uploads\/sites\/36\/2024\/03\/KSP_363_0404-960x750.jpg 960w, https:\/\/www.thomasquince.com\/wp-content\/uploads\/sites\/36\/2024\/03\/KSP_363_0404-1280x1000.jpg 1280w\" sizes=\"(max-width:767px) 480px, (max-width:960px) 100vw, 960px\" \/>\t\t<\/div>\n\t\t\t\t<div class=\"elementor-portfolio-item__overlay\">\n\t\t\t\t<h3 class=\"elementor-portfolio-item__title\">\n\t\tWSK Super Master &#8211; Adria 28\/02\/21\t\t<\/h3>\n\t\t\t\t<\/div>\n\t\t\t\t<\/a>\n\t\t<\/article>\n\t\t\t\t<article class=\"elementor-portfolio-item elementor-post  post-1549 portfolio type-portfolio status-publish has-post-thumbnail hentry portfolio-types-24\">\n\t\t\t<a class=\"elementor-post__thumbnail__link\" href=\"https:\/\/www.thomasquince.com\/fr\/portfolio-item\/wsk-champions-cup-adria-21-02-21\/\">\n\t\t\t\t<div class=\"elementor-portfolio-item__img elementor-post__thumbnail\">\n\t\t\t<img loading=\"lazy\" decoding=\"async\" width=\"960\" height=\"750\" src=\"https:\/\/www.thomasquince.com\/wp-content\/uploads\/sites\/36\/2024\/03\/KSP_363_2741-960x750.jpg\" class=\"attachment-blog-portfolio size-blog-portfolio wp-image-1548\" alt=\"\" srcset=\"https:\/\/www.thomasquince.com\/wp-content\/uploads\/sites\/36\/2024\/03\/KSP_363_2741-960x750.jpg 960w, https:\/\/www.thomasquince.com\/wp-content\/uploads\/sites\/36\/2024\/03\/KSP_363_2741-1280x1000.jpg 1280w\" sizes=\"(max-width:767px) 480px, (max-width:960px) 100vw, 960px\" \/>\t\t<\/div>\n\t\t\t\t<div class=\"elementor-portfolio-item__overlay\">\n\t\t\t\t<h3 class=\"elementor-portfolio-item__title\">\n\t\tWSK Champions Cup &#8211; Adria 21\/02\/21\t\t<\/h3>\n\t\t\t\t<\/div>\n\t\t\t\t<\/a>\n\t\t<\/article>\n\t\t\t\t<\/div>\n\t\t\t\t\t\t<\/div>\n\t\t\t\t<\/div>\n\t\t\t\t\t<\/div>\n\t\t<\/div>\n\t\t\t\t\t<\/div>\n\t\t<\/section>\n\t\t\t\t<\/div>\n\t\t","protected":false},"excerpt":{"rendered":"<p>Photos 2021<\/p>\n","protected":false},"author":6,"featured_media":0,"parent":0,"menu_order":0,"comment_status":"closed","ping_status":"closed","template":"elementor_header_footer","meta":{"footnotes":""},"class_list":["post-1780","page","type-page","status-publish","hentry"],"yoast_head":"<!-- This site is optimized with the Yoast SEO plugin v26.5 - https:\/\/yoast.com\/wordpress\/plugins\/seo\/ -->\n<title>PHOTOS 2021 - Thomas Quinc\u00e9<\/title>\n<meta name=\"robots\" content=\"index, follow, max-snippet:-1, max-image-preview:large, max-video-preview:-1\" \/>\n<link rel=\"canonical\" href=\"https:\/\/www.thomasquince.com\/photos-2021\/\" \/>\n<meta property=\"og:locale\" content=\"fr_FR\" \/>\n<meta property=\"og:type\" content=\"article\" \/>\n<meta property=\"og:title\" content=\"PHOTOS 2021 - Thomas Quinc\u00e9\" \/>\n<meta property=\"og:description\" content=\"Photos 2021\" \/>\n<meta property=\"og:url\" content=\"https:\/\/www.thomasquince.com\/photos-2021\/\" \/>\n<meta property=\"og:site_name\" content=\"Thomas Quinc\u00e9\" \/>\n<meta property=\"article:modified_time\" content=\"2024-03-27T14:44:47+00:00\" \/>\n<meta name=\"twitter:card\" content=\"summary_large_image\" \/>\n<meta name=\"twitter:label1\" content=\"Dur\u00e9e de lecture estim\u00e9e\" \/>\n\t<meta name=\"twitter:data1\" content=\"3 minutes\" \/>\n<script type=\"application\/ld+json\" class=\"yoast-schema-graph\">{\"@context\":\"https:\/\/schema.org\",\"@graph\":[{\"@type\":\"WebPage\",\"@id\":\"https:\/\/www.thomasquince.com\/photos-2021\/\",\"url\":\"https:\/\/www.thomasquince.com\/photos-2021\/\",\"name\":\"PHOTOS 2021 - Thomas Quinc\u00e9\",\"isPartOf\":{\"@id\":\"https:\/\/www.thomasquince.com\/fr\/#website\"},\"datePublished\":\"2024-03-27T14:44:05+00:00\",\"dateModified\":\"2024-03-27T14:44:47+00:00\",\"breadcrumb\":{\"@id\":\"https:\/\/www.thomasquince.com\/photos-2021\/#breadcrumb\"},\"inLanguage\":\"fr-FR\",\"potentialAction\":[{\"@type\":\"ReadAction\",\"target\":[\"https:\/\/www.thomasquince.com\/photos-2021\/\"]}]},{\"@type\":\"BreadcrumbList\",\"@id\":\"https:\/\/www.thomasquince.com\/photos-2021\/#breadcrumb\",\"itemListElement\":[{\"@type\":\"ListItem\",\"position\":1,\"name\":\"Accueil\",\"item\":\"https:\/\/www.thomasquince.com\/\"},{\"@type\":\"ListItem\",\"position\":2,\"name\":\"PHOTOS 2021\"}]},{\"@type\":\"WebSite\",\"@id\":\"https:\/\/www.thomasquince.com\/fr\/#website\",\"url\":\"https:\/\/www.thomasquince.com\/fr\/\",\"name\":\"Thomas Quinc\u00e9\",\"description\":\"Official Website\",\"publisher\":{\"@id\":\"https:\/\/www.thomasquince.com\/fr\/#organization\"},\"potentialAction\":[{\"@type\":\"SearchAction\",\"target\":{\"@type\":\"EntryPoint\",\"urlTemplate\":\"https:\/\/www.thomasquince.com\/fr\/?s={search_term_string}\"},\"query-input\":{\"@type\":\"PropertyValueSpecification\",\"valueRequired\":true,\"valueName\":\"search_term_string\"}}],\"inLanguage\":\"fr-FR\"},{\"@type\":\"Organization\",\"@id\":\"https:\/\/www.thomasquince.com\/fr\/#organization\",\"name\":\"Thomas Quinc\u00e9\",\"url\":\"https:\/\/www.thomasquince.com\/fr\/\",\"logo\":{\"@type\":\"ImageObject\",\"inLanguage\":\"fr-FR\",\"@id\":\"https:\/\/www.thomasquince.com\/fr\/#\/schema\/logo\/image\/\",\"url\":\"https:\/\/www.thomasquince.com\/wp-content\/uploads\/sites\/36\/2024\/03\/Asset-3.png\",\"contentUrl\":\"https:\/\/www.thomasquince.com\/wp-content\/uploads\/sites\/36\/2024\/03\/Asset-3.png\",\"width\":9169,\"height\":1500,\"caption\":\"Thomas Quinc\u00e9\"},\"image\":{\"@id\":\"https:\/\/www.thomasquince.com\/fr\/#\/schema\/logo\/image\/\"}}]}<\/script>\n<!-- \/ Yoast SEO plugin. -->","yoast_head_json":{"title":"PHOTOS 2021 - Thomas Quinc\u00e9","robots":{"index":"index","follow":"follow","max-snippet":"max-snippet:-1","max-image-preview":"max-image-preview:large","max-video-preview":"max-video-preview:-1"},"canonical":"https:\/\/www.thomasquince.com\/photos-2021\/","og_locale":"fr_FR","og_type":"article","og_title":"PHOTOS 2021 - Thomas Quinc\u00e9","og_description":"Photos 2021","og_url":"https:\/\/www.thomasquince.com\/photos-2021\/","og_site_name":"Thomas Quinc\u00e9","article_modified_time":"2024-03-27T14:44:47+00:00","twitter_card":"summary_large_image","twitter_misc":{"Dur\u00e9e de lecture estim\u00e9e":"3 minutes"},"schema":{"@context":"https:\/\/schema.org","@graph":[{"@type":"WebPage","@id":"https:\/\/www.thomasquince.com\/photos-2021\/","url":"https:\/\/www.thomasquince.com\/photos-2021\/","name":"PHOTOS 2021 - Thomas Quinc\u00e9","isPartOf":{"@id":"https:\/\/www.thomasquince.com\/fr\/#website"},"datePublished":"2024-03-27T14:44:05+00:00","dateModified":"2024-03-27T14:44:47+00:00","breadcrumb":{"@id":"https:\/\/www.thomasquince.com\/photos-2021\/#breadcrumb"},"inLanguage":"fr-FR","potentialAction":[{"@type":"ReadAction","target":["https:\/\/www.thomasquince.com\/photos-2021\/"]}]},{"@type":"BreadcrumbList","@id":"https:\/\/www.thomasquince.com\/photos-2021\/#breadcrumb","itemListElement":[{"@type":"ListItem","position":1,"name":"Accueil","item":"https:\/\/www.thomasquince.com\/"},{"@type":"ListItem","position":2,"name":"PHOTOS 2021"}]},{"@type":"WebSite","@id":"https:\/\/www.thomasquince.com\/fr\/#website","url":"https:\/\/www.thomasquince.com\/fr\/","name":"Thomas Quinc\u00e9","description":"Official Website","publisher":{"@id":"https:\/\/www.thomasquince.com\/fr\/#organization"},"potentialAction":[{"@type":"SearchAction","target":{"@type":"EntryPoint","urlTemplate":"https:\/\/www.thomasquince.com\/fr\/?s={search_term_string}"},"query-input":{"@type":"PropertyValueSpecification","valueRequired":true,"valueName":"search_term_string"}}],"inLanguage":"fr-FR"},{"@type":"Organization","@id":"https:\/\/www.thomasquince.com\/fr\/#organization","name":"Thomas Quinc\u00e9","url":"https:\/\/www.thomasquince.com\/fr\/","logo":{"@type":"ImageObject","inLanguage":"fr-FR","@id":"https:\/\/www.thomasquince.com\/fr\/#\/schema\/logo\/image\/","url":"https:\/\/www.thomasquince.com\/wp-content\/uploads\/sites\/36\/2024\/03\/Asset-3.png","contentUrl":"https:\/\/www.thomasquince.com\/wp-content\/uploads\/sites\/36\/2024\/03\/Asset-3.png","width":9169,"height":1500,"caption":"Thomas Quinc\u00e9"},"image":{"@id":"https:\/\/www.thomasquince.com\/fr\/#\/schema\/logo\/image\/"}}]}},"_links":{"self":[{"href":"https:\/\/www.thomasquince.com\/fr\/wp-json\/wp\/v2\/pages\/1780","targetHints":{"allow":["GET"]}}],"collection":[{"href":"https:\/\/www.thomasquince.com\/fr\/wp-json\/wp\/v2\/pages"}],"about":[{"href":"https:\/\/www.thomasquince.com\/fr\/wp-json\/wp\/v2\/types\/page"}],"author":[{"embeddable":true,"href":"https:\/\/www.thomasquince.com\/fr\/wp-json\/wp\/v2\/users\/6"}],"replies":[{"embeddable":true,"href":"https:\/\/www.thomasquince.com\/fr\/wp-json\/wp\/v2\/comments?post=1780"}],"version-history":[{"count":4,"href":"https:\/\/www.thomasquince.com\/fr\/wp-json\/wp\/v2\/pages\/1780\/revisions"}],"predecessor-version":[{"id":1784,"href":"https:\/\/www.thomasquince.com\/fr\/wp-json\/wp\/v2\/pages\/1780\/revisions\/1784"}],"wp:attachment":[{"href":"https:\/\/www.thomasquince.com\/fr\/wp-json\/wp\/v2\/media?parent=1780"}],"curies":[{"name":"wp","href":"https:\/\/api.w.org\/{rel}","templated":true}]}}